{"id":25,"date":"2026-01-06T16:44:20","date_gmt":"2026-01-06T16:44:20","guid":{"rendered":"https:\/\/milennialsdigital.com.br\/litee\/?page_id=25"},"modified":"2026-01-06T16:44:30","modified_gmt":"2026-01-06T16:44:30","slug":"tp","status":"publish","type":"page","link":"https:\/\/milennialsdigital.com.br\/litee\/tp\/","title":{"rendered":"tp"},"content":{"rendered":"\t\t<div data-elementor-type=\"wp-page\" data-elementor-id=\"25\" class=\"elementor elementor-25\" data-elementor-post-type=\"page\">\n\t\t\t\t<div class=\"elementor-element elementor-element-5a7f0b9 foto e-flex e-con-boxed e-con e-parent\" data-id=\"5a7f0b9\" data-element_type=\"container\" data-e-type=\"container\" data-settings=\"{&quot;background_background&quot;:&quot;slideshow&quot;,&quot;background_slideshow_gallery&quot;:[{&quot;id&quot;:&quot;13&quot;,&quot;url&quot;:&quot;https:\\\/\\\/milennialsdigital.com.br\\\/litee\\\/wp-content\\\/uploads\\\/2026\\\/01\\\/IMG_5519-scaled-1.jpg&quot;},{&quot;id&quot;:&quot;14&quot;,&quot;url&quot;:&quot;https:\\\/\\\/milennialsdigital.com.br\\\/litee\\\/wp-content\\\/uploads\\\/2026\\\/01\\\/IMG_6426.jpg&quot;},{&quot;id&quot;:&quot;15&quot;,&quot;url&quot;:&quot;https:\\\/\\\/milennialsdigital.com.br\\\/litee\\\/wp-content\\\/uploads\\\/2026\\\/01\\\/Creatina_9-scaled-1.jpg&quot;},{&quot;id&quot;:&quot;16&quot;,&quot;url&quot;:&quot;https:\\\/\\\/milennialsdigital.com.br\\\/litee\\\/wp-content\\\/uploads\\\/2026\\\/01\\\/DSC_0595-scaled-1.jpg&quot;}],&quot;background_slideshow_ken_burns&quot;:&quot;yes&quot;,&quot;background_slideshow_loop&quot;:&quot;yes&quot;,&quot;background_slideshow_slide_duration&quot;:5000,&quot;background_slideshow_slide_transition&quot;:&quot;fade&quot;,&quot;background_slideshow_transition_duration&quot;:500,&quot;background_slideshow_ken_burns_zoom_direction&quot;:&quot;in&quot;}\">\n\t\t\t\t\t<div class=\"e-con-inner\">\n\t\t<div class=\"elementor-element elementor-element-7e9c5f6 e-con-full scroll-bottom e-flex e-con e-child\" data-id=\"7e9c5f6\" data-element_type=\"container\" data-e-type=\"container\" data-settings=\"{&quot;motion_fx_motion_fx_mouse&quot;:&quot;yes&quot;,&quot;motion_fx_tilt_effect&quot;:&quot;yes&quot;,&quot;motion_fx_tilt_speed&quot;:{&quot;unit&quot;:&quot;px&quot;,&quot;size&quot;:0.7,&quot;sizes&quot;:[]}}\">\n\t\t\t\t<div class=\"elementor-element elementor-element-2e0dcc1 elementor-widget elementor-widget-image\" data-id=\"2e0dcc1\" data-element_type=\"widget\" data-e-type=\"widget\" data-widget_type=\"image.default\">\n\t\t\t\t\t\t\t\t\t\t\t\t\t\t\t<img fetchpriority=\"high\" decoding=\"async\" width=\"1024\" height=\"1024\" src=\"https:\/\/milennialsdigital.com.br\/litee\/wp-content\/uploads\/2026\/01\/logotipo-somente-nome-litee-1024x1024.png\" class=\"attachment-large size-large wp-image-12\" alt=\"\" srcset=\"https:\/\/milennialsdigital.com.br\/litee\/wp-content\/uploads\/2026\/01\/logotipo-somente-nome-litee-1024x1024.png 1024w, https:\/\/milennialsdigital.com.br\/litee\/wp-content\/uploads\/2026\/01\/logotipo-somente-nome-litee-300x300.png 300w, https:\/\/milennialsdigital.com.br\/litee\/wp-content\/uploads\/2026\/01\/logotipo-somente-nome-litee-150x150.png 150w, https:\/\/milennialsdigital.com.br\/litee\/wp-content\/uploads\/2026\/01\/logotipo-somente-nome-litee-768x768.png 768w, https:\/\/milennialsdigital.com.br\/litee\/wp-content\/uploads\/2026\/01\/logotipo-somente-nome-litee.png 1080w\" sizes=\"(max-width: 1024px) 100vw, 1024px\" \/>\t\t\t\t\t\t\t\t\t\t\t\t\t\t\t<\/div>\n\t\t\t\t<div class=\"elementor-element elementor-element-f7e1bd4 elementor-widget elementor-widget-icon-box\" data-id=\"f7e1bd4\" data-element_type=\"widget\" data-e-type=\"widget\" data-widget_type=\"icon-box.default\">\n\t\t\t\t\t\t\t<div class=\"elementor-icon-box-wrapper\">\n\n\t\t\t\n\t\t\t\t\t\t<div class=\"elementor-icon-box-content\">\n\n\t\t\t\t\t\t\t\t\t<h3 class=\"elementor-icon-box-title\">\n\t\t\t\t\t\t<span  >\n\t\t\t\t\t\t\tPronto! Obrigado pela sua resposta e aten\u00e7\u00e3o! Em at\u00e9 5 minutos, um dos nossos especialistas Litee entrar\u00e1 em contato com voc\u00ea.\t\t\t\t\t\t<\/span>\n\t\t\t\t\t<\/h3>\n\t\t\t\t\n\t\t\t\t\n\t\t\t<\/div>\n\t\t\t\n\t\t<\/div>\n\t\t\t\t\t\t<\/div>\n\t\t\t\t<div class=\"elementor-element elementor-element-a2ce02f elementor-widget elementor-widget-html\" data-id=\"a2ce02f\" data-element_type=\"widget\" data-e-type=\"widget\" data-widget_type=\"html.default\">\n\t\t\t\t\t<!-- Widget em linha do Calendly - in\u00edcio -->\n<div class=\"calendly-inline-widget\" data-url=\"https:\/\/calendly.com\/milennialsb2b\/diagnostico-milennialsb2b?hide_event_type_details=1&hide_gdpr_banner=1&primary_color=f4d200\" style=\"min-width:320px;height:700px;\"><\/div>\n<script type=\"text\/javascript\" src=\"https:\/\/assets.calendly.com\/assets\/external\/widget.js\" async><\/script>\n<!-- Widget em linha do Calendly - fim -->\t\t\t\t<\/div>\n\t\t\t\t<\/div>\n\t\t\t\t\t<\/div>\n\t\t\t\t<\/div>\n\t\t\t\t<\/div>\n\t\t","protected":false},"excerpt":{"rendered":"<p>Pronto! Obrigado pela sua resposta e aten\u00e7\u00e3o! Em at\u00e9 5 minutos, um dos nossos especialistas Litee entrar\u00e1 em contato com voc\u00ea.<\/p>\n","protected":false},"author":1,"featured_media":0,"parent":0,"menu_order":0,"comment_status":"closed","ping_status":"closed","template":"elementor_canvas","meta":{"footnotes":""},"class_list":["post-25","page","type-page","status-publish","hentry"],"_hostinger_reach_plugin_has_subscription_block":false,"_hostinger_reach_plugin_is_elementor":false,"_links":{"self":[{"href":"https:\/\/milennialsdigital.com.br\/litee\/wp-json\/wp\/v2\/pages\/25","targetHints":{"allow":["GET"]}}],"collection":[{"href":"https:\/\/milennialsdigital.com.br\/litee\/wp-json\/wp\/v2\/pages"}],"about":[{"href":"https:\/\/milennialsdigital.com.br\/litee\/wp-json\/wp\/v2\/types\/page"}],"author":[{"embeddable":true,"href":"https:\/\/milennialsdigital.com.br\/litee\/wp-json\/wp\/v2\/users\/1"}],"replies":[{"embeddable":true,"href":"https:\/\/milennialsdigital.com.br\/litee\/wp-json\/wp\/v2\/comments?post=25"}],"version-history":[{"count":4,"href":"https:\/\/milennialsdigital.com.br\/litee\/wp-json\/wp\/v2\/pages\/25\/revisions"}],"predecessor-version":[{"id":29,"href":"https:\/\/milennialsdigital.com.br\/litee\/wp-json\/wp\/v2\/pages\/25\/revisions\/29"}],"wp:attachment":[{"href":"https:\/\/milennialsdigital.com.br\/litee\/wp-json\/wp\/v2\/media?parent=25"}],"curies":[{"name":"wp","href":"https:\/\/api.w.org\/{rel}","templated":true}]}}